{"id":33,"date":"2019-09-10T22:24:18","date_gmt":"2019-09-10T19:24:18","guid":{"rendered":"https:\/\/poasnet.fi\/?page_id=33"},"modified":"2019-10-28T01:38:12","modified_gmt":"2019-10-27T23:38:12","slug":"liittymaehdot","status":"publish","type":"page","link":"https:\/\/poasnet.fi\/en\/liittymaehdot\/","title":{"rendered":"Terms of usage"},"content":{"rendered":"<p> (The following is to be translated) 1. Soveltamisala<br> 1.1 Huoneenvuokrasuhteeseen liittyvien tietoverkkopalveluehtojen soveltaminen<br> N\u00e4it\u00e4 tietoverkkopalveluehtoja (j\u00e4ljemp\u00e4n\u00e4: liittym\u00e4-ehdot) sovelletaan Pirkan Opiskelija-asunnot Oy:n (j\u00e4ljemp\u00e4n\u00e4: Poasnet) asukkaalleen huoneistovuokrauksen yhteydess\u00e4 toimittamiin tietoverkkopalveluihin (j\u00e4ljemp\u00e4n\u00e4: palvelu). Palveluna on kiinte\u00e4 Ethernet-verkkoliittym\u00e4.<\/p>\n\n\n\n<p>1.2 Asukas<br> Asukkaalla tarkoitetaan n\u00e4iss\u00e4 liittym\u00e4ehdoissa henkil\u00f6\u00e4, joka asuu vuokrasuhteessa Pirkan Opiskelija-asunnot oy:lt\u00e4 vuokraamassaan vuokra-asunnossa.<\/p>\n\n\n\n<p>1.3 Asukkaan oikeudet<br>\nN\u00e4ihin liittym\u00e4ehtoihin sovelletaan kaikilta osin ensisijaisesti AHVL:n (Laki asuinhuoneistojen vuokrauksesta 31.3.1995\/481) m\u00e4\u00e4r\u00e4yksi\u00e4. Kysymyksess\u00e4 on huoneenvuokrasuhteeseen liittyv\u00e4n palvelun tarjoaminen.<\/p>\n\n\n\n<p>2 Liittym\u00e4sopimuksen syntyminen ja siirt\u00e4minen<br> 2.1 Liittym\u00e4sopimuksen syntyminen<br> Liittym\u00e4sopimus (j\u00e4ljemp\u00e4n\u00e4: sopimus) syntyy, kun osapuolet ovat allekirjoittaneet vuokrasopimuksen.<\/p>\n\n\n\n<p>2.2 Sopimuksen siirt\u00e4minen<br> Asukkaalla ei ole oikeutta siirt\u00e4\u00e4 sopimusta kolmannelle osapuolelle, pois lukien vuokranantajan hyv\u00e4ksym\u00e4 ali- tai j\u00e4lleenvuokralainen. Poasnetill\u00e4 on oikeus siirt\u00e4\u00e4 sopimus kolmannelle osapuolelle ilman vuokralaisen suostumusta.<\/p>\n\n\n\n<p>2.3 Oikeus kielt\u00e4yty\u00e4 sopimussuhteesta<br>\nPoasnetill\u00e4 on oikeus kielt\u00e4yty\u00e4 tekem\u00e4st\u00e4 sopimusta, jos asukas on jonkin yrityksen liittym\u00e4\u00e4 hyv\u00e4ksi k\u00e4ytt\u00e4en tahallisesti aiheuttanut teknist\u00e4 h\u00e4iri\u00f6t\u00e4 yleiselle televerkolle tai muille k\u00e4ytt\u00e4jille.<\/p>\n\n\n\n<p>3 Palvelun toimittaminen, tuottaminen ja k\u00e4ytt\u00f6<br> 3.1 Toimitusajankohta<br> Jollei muuta sovita tai tekniset syyt t\u00e4t\u00e4 est\u00e4, Poasnet toimittaa palvelun siten ett\u00e4 se on k\u00e4ytett\u00e4viss\u00e4 vuokrasopimuksen voimassaoloajan.<\/p>\n\n\n\n<p>3.2 Asukkaan my\u00f6t\u00e4vaikutusvelvollisuus<br>\nAsukkaan tulee my\u00f6t\u00e4vaikuttaa parhaan kykyns\u00e4 mukaan palvelun toimittamiseen.<\/p>\n\n\n\n<p>3.3 Palvelun tuottaminen<br>\nPoasnetill\u00e4 on oikeus tuottaa sopimuksen mukainen palvelu parhaaksi katsomallaan tavalla. Poasnetill\u00e4 on oikeus tehd\u00e4 palvelun tekniikkaan ja k\u00e4ytt\u00f6\u00f6n vaikuttavia muutoksia. Jos t\u00e4llaiset muutokset edellytt\u00e4v\u00e4t muutoksia asukkaan laitteisiin ja ohjelmistoihin, asukkaan tulee ensisijaisesti omalla kustannuksellaan huolehtia t\u00e4llaisista muutoksista. Poasnet pyrkii ilmoittamaan asukkaaseen vaikuttavista muutoksista kohtuullisessa ajassa etuk\u00e4teen. Poasnetill\u00e4 on my\u00f6s oikeus lopettaa palvelun tai sen ominaisuuden tuottaminen. Poasnetill\u00e4 on oikeus irtisanoa sopimus lopetettua palvelua tai ominaisuutta koskevin osin ilmoittamalla t\u00e4st\u00e4 asukkaalle kohtuullisessa ajassa etuk\u00e4teen.<\/p>\n\n\n\n<p>3.4 Palvelun sis\u00e4lt\u00f6 ja palveluun sovellettavat erityiset ehdot<br>\nAsukas sitoutuu noudattamaan Poasnetin toimittamia verkon k\u00e4ytt\u00f6s\u00e4\u00e4nt\u00f6j\u00e4 (netiketti). Kaikki palvelut sis\u00e4lt\u00e4v\u00e4t p\u00e4\u00e4syn julkiseen internetiin.<\/p>\n\n\n\n<p>3.5 Ethernet-liittym\u00e4<br>\nPalvelu koostuu Poasnetin toimittamasta huoneisto- tai huonekohtaisesta Internet-yhteydest\u00e4. Poasnet vastaa liittym\u00e4n toimivuudesta huoneistossa tai huoneessa olevaan ATK-pistorasiaan saakka. Ethernet-sovitin, ohjelmistot ja niiden asennus eiv\u00e4t kuulu palveluun vaan asukas vastaa niiden hankinnasta ja asennuksesta itse.<\/p>\n\n\n\n<p>3.6 Asukkaan laitteet ja ohjelmistot<br>\nP\u00e4\u00e4telaitteet ja huoneiston sis\u00e4inen verkko eiv\u00e4t tavallisesti kuulu liittym\u00e4\u00e4n. Asukas vastaa niiden laitteiden, yhteyksien ja ohjelmistojen hankkimisesta ja toimintakunnosta, jotka eiv\u00e4t sis\u00e4lly sopimuksen mukaiseen palveluun. Asukas vastaa my\u00f6s siit\u00e4, ett\u00e4 n\u00e4m\u00e4 laitteet ja ohjelmistot ovat hyv\u00e4ksyttyj\u00e4, eiv\u00e4tk\u00e4 haittaa tai h\u00e4iritse Poasnetin toimintaa tai verkon liikennett\u00e4. H\u00e4iri\u00f6it\u00e4 mahdollisesti tuottavat laitteet ja ohjelmistot on v\u00e4litt\u00f6m\u00e4sti irrotettava palvelusta. Asukas on velvollinen suojaamaan laitteensa ja ohjelmistonsa siten, ett\u00e4 ulkopuolisten tunkeutuminen j\u00e4rjestelmiin ja ulkopuolinen k\u00e4ytt\u00f6 estet\u00e4\u00e4n.<\/p>\n\n\n\n<p>3.7 Palvelun kautta toimitettu aineisto<br>\nAsukas vastaa palvelun kautta toisille k\u00e4ytt\u00e4jille taikka Poasnetin tai kolmansien palvelimille toimitetusta aineistosta. Erityisesti asukas vastaa siit\u00e4, ett\u00e4 asukkaan toimittama tai asukkaan palvelun kautta toimitettu aineisto ei aiheuta h\u00e4iri\u00f6t\u00e4 verkolle eik\u00e4 loukkaa tekij\u00e4noikeuksia tai muita oikeuksia, hyv\u00e4\u00e4 tapaa (ns. SPAM massal\u00e4hetykset mukaan luettuna) taikka lain tai viranomaisten m\u00e4\u00e4r\u00e4yksi\u00e4. Jos viranomainen tai kolmas osapuoli osoittaa, ett\u00e4 asukkaan palvelun kautta on toimitettu t\u00e4llaista aineistoa toisille k\u00e4ytt\u00e4jille taikka Poasnetin tai kolmannen palvelimille, Poasnetill\u00e4 on asukasta kuulematta oikeus est\u00e4\u00e4 t\u00e4llaisen aineiston k\u00e4ytt\u00f6, sulkea asukkaan palvelu ja purkaa t\u00e4m\u00e4 sopimus p\u00e4\u00e4ttym\u00e4\u00e4n heti. Poasnet ei vastaa palvelun kautta toimitetun aineiston tai tietojen saatavuudesta, laadusta taikka sis\u00e4ll\u00f6st\u00e4. Poasnet ei my\u00f6sk\u00e4\u00e4n vastaa palvelua hyv\u00e4ksik\u00e4ytt\u00e4en v\u00e4litetyn aineiston mahdollisesta viiv\u00e4stymisest\u00e4, muuttumisesta tai katoamisesta aiheutuvista vahingoista.<\/p>\n\n\n\n<p>3.8 Palvelun k\u00e4ytt\u00f6<br>\n3.8.1 Siirrett\u00e4v\u00e4n datan m\u00e4\u00e4r\u00e4<br>\nPoasnetill\u00e4 on oikeus rajoittaa palvelussa siirrett\u00e4v\u00e4n datan m\u00e4\u00e4r\u00e4\u00e4.<\/p>\n\n\n\n<p>3.8.2 Asukkaan oikeus liitt\u00e4\u00e4 l\u00e4hiverkko liittym\u00e4\u00e4n<br>\nAsukkaalla on oikeus k\u00e4ytt\u00e4\u00e4 liittym\u00e4\u00e4 my\u00f6s l\u00e4hiverkon v\u00e4lityksell\u00e4. Liittym\u00e4\u00e4n kuuluu vain yksi (1) tai kaksi (2) IP-osoitetta (julkinen) huoneistosta riippuen. Kohteesta riippuen, asukas voi anoa lis\u00e4\u00e4 IP-osoitteita. Jos sellaista ei ole saatavilla on l\u00e4hiverkossa k\u00e4ytett\u00e4v\u00e4 NAT-tekniikkaa, joka mahdollistaa yhteyden k\u00e4yt\u00f6n usealta koneelta samanaikaisesti. L\u00e4hiverkon kaikkien laitteiden tulee olla asukkaan omassa k\u00e4yt\u00f6ss\u00e4. (ks. kohta 3.8.3).<\/p>\n\n\n\n<p>3.8.3 Yhteyden edelleen jakaminen<br> Asukkaalla ei ole miss\u00e4\u00e4n muodossa oikeutta jakaa yhteytt\u00e4 edelleen. Yhteytt\u00e4 saa k\u00e4ytt\u00e4\u00e4 samassa taloudessa asuva puoliso ja muut perheenj\u00e4senet, ei kuitenkaan huonetoveri (erillinen vuokrasopimus).<\/p>\n\n\n\n<p>4 Palvelun virhe, palvelun yll\u00e4pit\u00e4minen ja vikojen korjaaminen<br>\n4.1 Palvelun virhe<br>\nPalvelussa katsotaan olevan virhe, jos se olennaisesti poikkeaa sopimuksessa m\u00e4\u00e4ritellyist\u00e4 ominaisuuksista ja t\u00e4m\u00e4 poikkeama vaikeuttaa olennaisesti palvelun k\u00e4ytt\u00e4mist\u00e4.<\/p>\n\n\n\n<p>4.2 Palvelun yll\u00e4pit\u00e4minen ja vikojen korjaaminen<br> Poasnet yll\u00e4pit\u00e4\u00e4 palvelun k\u00e4ytt\u00f6kunnossa sopimuksen mukaisesti ja korjaa palvelun virheet ty\u00f6p\u00e4ivisin (ma-pe) kello 8.00-16.00 ja niin pian kuin mahdollista.<\/p>\n\n\n\n<p>4.3 Tilap\u00e4iset keskeytykset<br>\nPoasnetill\u00e4 on oikeus tilap\u00e4isesti sulkea palvelu, jos se on tarpeen toteutettavan rakennus- ja kunnossapitoty\u00f6n onnistumisen vuoksi. T\u00e4ll\u00f6in Poasnet toimii siten, ett\u00e4 keskeytys j\u00e4\u00e4 lyhytaikaiseksi ja siit\u00e4 aiheutuu asukkaalle mahdollisimman v\u00e4h\u00e4n haittaa. Poasnet tiedottaa asukkaalle pidemmist\u00e4 keskeytyksest\u00e4 mahdollisuuksien ja tarpeen mukaan etuk\u00e4teen.<\/p>\n\n\n\n<p>5 Tunnistetiedot<br>\n5.1 Asukkaan tunnistetiedot<br>\nPoasnetill\u00e4 on asukasta kuulematta oikeus valita palveluun kuuluvat asukkaan k\u00e4ytt\u00f6\u00f6n tulevat k\u00e4ytt\u00e4j\u00e4tunnukset, numerot, osoitteet ja muut sellaiset tunnisteet (j\u00e4ljemp\u00e4n\u00e4 Tunnistetiedot). Ne s\u00e4ilyv\u00e4t Poasnetin omistuksessa eik\u00e4 asukkaalla ole mit\u00e4\u00e4n oikeuksia niihin sopimuksen p\u00e4\u00e4tytty\u00e4.<\/p>\n\n\n\n<p>5.2 Tunnistetietojen muuttaminen asukkaan pyynn\u00f6st\u00e4<br>\nTunnistetiedot voidaan muuttaa asukkaan pyynn\u00f6st\u00e4 maksua vastaan. Poasnetill\u00e4 on oikeus p\u00e4\u00e4tt\u00e4\u00e4 muutoksen hinta ja pid\u00e4tt\u00e4yty\u00e4 muutoksista.<\/p>\n\n\n\n<p>5.3 Poasnetin oikeus muuttaa tunnistetietoja<br>\nPoasnetill\u00e4 on oikeus muuttaa tunnistetietoja, jos viranomaisten m\u00e4\u00e4r\u00e4ykset tai verkon rakenteelliset tahi palvelulliset taikka muut tekniset syyt sit\u00e4 vaativat. Poasnet ilmoittaa muutoksesta asukkaalle kohtuullisessa ajassa etuk\u00e4teen.<\/p>\n\n\n\n<p>5.4 Tunnistetietojen antaminen kolmannen k\u00e4ytt\u00f6\u00f6n<br>\nAsukkaalla ei ole oikeutta antaa palveluun liittyvi\u00e4 tunnistetietoja kolmannen k\u00e4ytt\u00f6\u00f6n.<\/p>\n\n\n\n<p>6 Asukastiedot ja niiden k\u00e4ytt\u00f6<br>\n6.1 Tietojen antaminen<br>\nAsukkaan tulee ennen palvelun avaamista antaa Poasnetille sen vaatimat palvelua varten tarvittavat tiedot (Asukastiedot) sek\u00e4 tarkistaa kirjattujen tietojen oikeellisuus. Asukkaan on ilmoitettava viipym\u00e4tt\u00e4 Poasnetille asukastietojensa muutoksista.<\/p>\n\n\n\n<p>6.2 Tietokanta<br>\nPoasnetill\u00e4 on oikeus tehd\u00e4 tietokanta asukkaiden tunnistamisen kannalta tarpeellisista asukas- ja tunnistetiedoista.<\/p>\n\n\n\n<p>6.4 Asukas- ja tunnistetietojen luovutus<br>\nPoasnetill\u00e4 on oikeus luovuttaa Asukas- ja Tunnistetietoja voimassaolevan lains\u00e4\u00e4d\u00e4nn\u00f6n sallimissa ja velvoittavissa rajoissa.<\/p>\n\n\n\n<p>7 Kustannusten ja vahinkojen korvaaminen, hinnanalennus<br> 7.1 Poasnetin vahingonkorvausvelvollisuus<br> Poasnet on velvollinen maksamaan asukkaalle vahingonkorvausta Poasnetin tuottamuksesta aiheutuneista, asukkaan osoittamista v\u00e4litt\u00f6mist\u00e4 vahingoista. Jos Poasnet on kuitenkin kohdan 7.3 perusteella velvollinen suorittamaan asukkaalle hyvityst\u00e4 sopimusrikkomuksensa johdosta, Poasnet on vahingonkorvausvelvollinen vain silt\u00e4 osin kun asukkaan k\u00e4rsim\u00e4 korvauskelpoinen vahinko ylitt\u00e4\u00e4 hyvityksen m\u00e4\u00e4r\u00e4n.<\/p>\n\n\n\n<p>7.2 Vahingonkorvausvelvollisuuden rajoitukset<br> Poasnet ei korvaa v\u00e4lillisi\u00e4 vahinkoja tai ylivoimaisesta esteest\u00e4 johtuvia vahinkoja. Poasnet ei my\u00f6sk\u00e4\u00e4n korvaa asukkaan tai kolmannen osapuolen vastuulla olevista seikoista aiheutuvia vahinkoja. Poasnetill\u00e4 ei ole korvausvelvollisuutta n\u00e4iden toimitusehtojen mukaisten oikeuksiensa k\u00e4yt\u00f6st\u00e4. Poasnet ei my\u00f6sk\u00e4\u00e4n korvaa niit\u00e4 v\u00e4lillisi\u00e4 vahinkoja, jotka ovat aiheutuneet asukkaalle; yhti\u00f6 ei siten korvaa tulonmenetyst\u00e4, ansionmenetyst\u00e4 tai muita vastaavia menetyksi\u00e4.<\/p>\n\n\n\n<p>7.3 K\u00e4yt\u00f6n keskeytykset<br> Jos liittym\u00e4\u00e4 ei voida k\u00e4ytt\u00e4\u00e4 verkon rakennus- ja kunnossapitoty\u00f6n tai verkossa olevan vian vuoksi kalenterikuukaudessa yli 15 p\u00e4iv\u00e4n aikana, Poasnet hyvitt\u00e4\u00e4 asukkaalle t\u00e4m\u00e4n pyynn\u00f6st\u00e4 liittym\u00e4n laskennallisesta kuukausihinnasta keskeytysaikaa vastaavan osan. Hyvityspyynt\u00f6 tulee esitt\u00e4\u00e4 kirjallisesti kohteen verkonvanhimmalle, joka toimittaa sen edelleen kommentteineen vuokranantajalle k\u00e4sitelt\u00e4v\u00e4ksi. Hyvitys on enint\u00e4\u00e4n 20 \u20ac \/ kalenterikuukausi.<\/p>\n\n\n\n<p>7.4 Viat asukkaan hallitsemissa laitteissa tai ohjelmistoissa<br> Jos asukas tahallisesti tai huomautuksesta huolimatta k\u00e4ytt\u00e4\u00e4 viallisia tai h\u00e4iri\u00f6t\u00e4 aiheuttavia laitteita tai ohjelmistoja, Poasnetill\u00e4 on oikeus peri\u00e4 korvaus mahdollisista vahingoista sek\u00e4 vikojen etsimisest\u00e4 aiheutuneista kustannuksista.<\/p>\n\n\n\n<p>7.5 Vahingonkorvauksen ja hyvityksen vaatiminen<br> Vahingonkorvausta ja hyvityst\u00e4 on vaadittava Poasnetilt\u00e4 kuukauden kuluessa siit\u00e4, kun vahingonkorvauksen perusteena oleva virhe havaittiin tai se olisi pit\u00e4nyt havaita tai viiv\u00e4stystapauksissa siit\u00e4, kun toimitus on tapahtunut.<\/p>\n\n\n\n<p>8 Maksut ja laskutus<br> 8.1 Palvelusta maksettavat maksut<br> Palvelusta ei veloiteta asukasta erikseen. Poasnetin hinta on sis\u00e4llytetty asukkaan asunnon vuokraan.<\/p>\n\n\n\n<p>8.2 Maksujen er\u00e4\u00e4ntyminen ja viiv\u00e4stysseuraamukset<br> Maksujen er\u00e4\u00e4ntymiseen ja viiv\u00e4stysseuraamuksiin sovelletaan asukkaan ja Poasnetin v\u00e4lisen huoneenvuokrasopimuksen ehtoja.<\/p>\n\n\n\n<p>8.3 Vakuus<br> Asukkaan vuokrasuhdetta solmittaessa antama AHVL:n (Laki asuinhuoneistojen vuokrauksesta 31.3.1995\/481) mukainen vakuus voidaan k\u00e4ytt\u00e4\u00e4 my\u00f6s t\u00e4m\u00e4n sopimuksen ja n\u00e4iden liittym\u00e4ehtojen mukaisten velvoitteiden t\u00e4ytt\u00e4miseen. Vakuus ei ole mahdollisen korvauksen yl\u00e4raja.<\/p>\n\n\n\n<p>8.4 Maksukehotus<br> Maksun viiv\u00e4styess\u00e4 l\u00e4het\u00e4\u00e4n asukkaalle maksukehotus, joka sis\u00e4lt\u00e4\u00e4 kohdan 8.2 mukaiset viiv\u00e4stysseuraamukset.<\/p>\n\n\n\n<p>8.5 Liittym\u00e4- ja k\u00e4ytt\u00f6maksut ja hinnanmuutokset<br> Poasnet m\u00e4\u00e4rittelee verkkoon liittymismaksun ja kuukausittaisen verkon k\u00e4ytt\u00f6maksun suuruuden. Poasnetill\u00e4 on oikeus muuttaa verkkoon liittymisest\u00e4 ja palvelun k\u00e4yt\u00f6st\u00e4 peritt\u00e4vi\u00e4 maksuja. Maksujen muutoksesta ilmoitetaan AHVL:n (Laki asuinhuoneistojen vuokrauksesta 31.3.1995\/481) mukaisesti kuten muun vuokrasuhteeseen liittyv\u00e4n maksun muutoksesta.<\/p>\n\n\n\n<p>9 Palvelun sulkeminen<br> 9.1 Poasnetin oikeus sulkea palvelu<br> Poasnetill\u00e4 on oikeus sulkea asukkaan palvelut, jos:<\/p>\n\n\n\n<p>9.1.1 asukas on maksukehotuksesta huolimatta laiminly\u00f6nyt Poasnetin er\u00e4\u00e4ntyneen saatavan kahden viikon kuluessa maksukehotuksen l\u00e4hett\u00e4misest\u00e4,<br> 9.1.2 asukas Poasnetin antamasta huomautuksesta huolimatta k\u00e4ytt\u00e4\u00e4 ep\u00e4kuntoisia tai h\u00e4iri\u00f6it\u00e4 aiheuttavia laitteita tai ohjelmistoja,<br> 9.1.3 asukas on toteen n\u00e4ytetyll\u00e4 tavalla aiheuttanut palvelun k\u00e4yt\u00f6ll\u00e4 h\u00e4iri\u00f6t\u00e4 verkolle tai muille k\u00e4ytt\u00e4jille,<br> 9.1.4 asukas huomautuksesta huolimatta ei t\u00e4yt\u00e4 sopimusvelvoitteitaan tai rikkoo olennaisesti sopimuksen mukaisia velvoitteitaan,<br> 9.1.5 asukasta ei ole tavoitettu sopimukseen liittyv\u00e4n olennaisen asian selvitt\u00e4miseksi,<br> 9.1.6 palvelu on avattu virheellisin tiedoin.<\/p>\n\n\n\n<p>10 Sopimuksen p\u00e4\u00e4ttyminen<br>Riippumatta siit\u00e4, p\u00e4\u00e4ttyyk\u00f6 sopimus m\u00e4\u00e4r\u00e4ajan p\u00e4\u00e4ttymiseen, irtisanomiseen, purkamiseen tai huoneenvuokrasuhteen p\u00e4\u00e4ttymiseen, asukas on velvollinen palauttamaan liittym\u00e4\u00e4n sis\u00e4ltyv\u00e4t tavarat, kuten sovittimet, kaapelit jne. ehjin\u00e4 Poasnetille. Mik\u00e4li liittym\u00e4\u00e4n liittyvi\u00e4 tavaroita ei palauteta, tai ne eiv\u00e4t ole palautettaessa asianmukaisessa kunnossa, Poasnetill\u00e4 on oikeus veloittaa ne asukkaalta ja tarvittaessa kuitata niiden arvo asukkaan huoneenvuokrasopimuksen vakuudesta asukasta enemp\u00e4\u00e4 kuulematta.<\/p>\n\n\n\n<p>10.1 Irtisanominen<br> Sopimus sis\u00e4ltyy t\u00e4ll\u00e4 hetkell\u00e4 vuokraan ja syntyy kun huoneenvuokrasopimus on allekirjoitettu. Asukas voi kuitenkin halutessaan sanoa verkkosopimuksen irti milloin tahansa noudattaen kalenterikuukauden irtisanomisaikaa. Poasnetill\u00e4 on oikeus irtisanoa sopimus noudattaen kahden kalenterikuukauden irtisanomisaikaa, ellei pakottavasta lains\u00e4\u00e4d\u00e4nn\u00f6st\u00e4 muuta johdu. Liittym\u00e4sopimus p\u00e4\u00e4ttyy kuitenkin aina huoneenvuokrasuhteen p\u00e4\u00e4ttyess\u00e4, riippumatta vuokrasopimuksen p\u00e4\u00e4ttymisen syyst\u00e4. Verkkosopimuksen purkaminen vuokrasuhteen aikana ei oikeuta vuokralaista mihink\u00e4\u00e4n korvauksiin tai vuokranalennuksiin.<\/p>\n\n\n\n<p>10.2 Poasnetin oikeus sopimuksen purkuun<br>\nPoasnetill\u00e4 on oikeus purkaa sopimus, jos:<\/p>\n\n\n\n<p>10.2.1 palvelu on asukkaan pyynn\u00f6st\u00e4 ollut suljettuna yli kaksi kuukautta,<br> 10.2.2 viranomainen on todennut, ett\u00e4 asukas on syyllistynyt tahalliseen teleliikenteen est\u00e4miseen tai h\u00e4iritsemiseen,<br> 10.2.3 palvelu on ollut suljettuna kohdassa 9.1 mainitusta syyst\u00e4 yhden kuukauden eik\u00e4 asukas kuukauden kuluessa Poasnetin kirjallisesta kehotuksesta ole korjannut palvelun sulkemisen aiheuttanutta menettely\u00e4\u00e4n,<br> 10.2.4 asukas on muutoin olennaisesti ja huomautuksesta huolimatta laiminly\u00f6nyt sopimusvelvoitteitaan tai j\u00e4tt\u00e4nyt noudattamatta liittym\u00e4ehtoja.<\/p>\n\n\n\n<p> 10.3 purkuilmoituksen muoto<br> Sopimus puretaan kirjallisesti.<\/p>\n\n\n\n<p>11 Muut ehdot<br> 11.1 Ilmoitukset<br> Asukkaan tulee l\u00e4hett\u00e4\u00e4 sopimukseen liittyv\u00e4t kirjalliset ilmoitukset Poasnetin sopimuksessa mainittuun tai my\u00f6hemmin ilmoitettuun osoitteeseen tai s\u00e4hk\u00f6postiosoitteeseen. Poasnet l\u00e4hett\u00e4\u00e4 sopimusta koskevat kirjalliset ilmoitukset asukkaan vuokraaman asunnon osoitteeseen tai asukkaan ilmoittamaan s\u00e4hk\u00f6postiosoitteeseen. Poasnetin postitse l\u00e4hett\u00e4mien ilmoitusten katsotaan tulleen asukkaan tietoon seitsem\u00e4nten\u00e4 p\u00e4iv\u00e4n\u00e4 niiden l\u00e4hett\u00e4misest\u00e4.<\/p>\n\n\n\n<p>11.2 Ylivoimainen este (force majeure)<br> Osapuolet vapautuvat velvoitteistaan ja velvollisuudestaan maksaa korvausta, jos sopimusvelvoitteiden rikkominen tai niiden t\u00e4ytt\u00e4m\u00e4tt\u00e4 j\u00e4tt\u00e4minen johtuu ylivoimaisesta esteest\u00e4. Vapauttamisperusteeksi katsotaan sellainen sopimuksen t\u00e4ytt\u00e4misen est\u00e4v\u00e4 ja sopimuksen syntymisen j\u00e4lkeen sattunut ep\u00e4tavallinen ja asiaan vaikuttava tapahtuma, joka on sopimuspuolista riippumaton, ja jonka vaikutuksia ei voida kohtuudella v\u00e4ltt\u00e4\u00e4 tai voittaa. T\u00e4llainen tapahtuma voi olla esim. sota, kapina, pakko-otto tai takavarikko yleiseen tarpeeseen, energiajakelun keskeytys, ty\u00f6selkkaus, tulipalo, ukonilma tai muu luonnonilmi\u00f6, kolmannen aiheuttama kaapelivaurio tai muu vaikutuksiltaan vastaava ja ep\u00e4tavallinen sopijapuolista riippumaton syy. Jos sopimusvelvoitteen t\u00e4ytt\u00e4minen viiv\u00e4styy jostakin edell\u00e4 mainitusta syyst\u00e4, sopimusvelvoitteen t\u00e4ytt\u00e4misaikaa jatketaan niin paljon, kun kaikki tapaukseen vaikuttavat olosuhteet huomioonottaen on pidett\u00e4v\u00e4 kohtuullisena.<\/p>\n\n\n\n<p>11.3 Riitojen ratkaiseminen<br> Sopimuksesta aiheutuvat riidat k\u00e4sitell\u00e4\u00e4n huoneenvuokra-asioina Tampereen k\u00e4r\u00e4j\u00e4oikeudessa, mik\u00e4 on kiinteist\u00f6n sijaintikunnan alioikeus.<\/p>\n\n\n\n<p>12 iittym\u00e4ehtojen voimassaolo<br> 12.1 Liittym\u00e4ehtojen voimaan tulo<br> N\u00e4m\u00e4 liittym\u00e4ehdot ovat voimassa uusilla asiakkailla heti ja vanhoilla asiakkailla 1.11.2019 alkaen toistaiseksi. Liittym\u00e4ehdot on saatavissa Poasnetilt\u00e4 maksutta. Ne ovat lis\u00e4ksi esill\u00e4 Poasnetin web-sivuilla osoitteessa https:\/\/poasnet.fi.<\/p>\n\n\n\n<p>12.2 Liittym\u00e4ehtojen muutokset<br> Poasnet voi muuttaa n\u00e4it\u00e4 liittym\u00e4ehtoja. Asukkaalle ilmoitetaan uusista liittym\u00e4ehdoista v\u00e4hint\u00e4\u00e4n kuukautta ennen niiden voimaantuloa joko asukastiedottein tai muutoin kirjallisesti tahi s\u00e4hk\u00f6postitse. Muutettuja liittym\u00e4ehtoja sovelletaan my\u00f6s ennen niiden voimaantuloa tehtyihin sopimuksiin. Kun liittym\u00e4ehtoja on muutettu, asukkaalla on kuukauden ajan oikeus irtisanomisaikaa noudattamatta purkaa sopimus. Mik\u00e4li asukas purkaa sopimuksen yhti\u00f6n toteuttamien ehtomuutosten vuoksi, Poasnet palauttaa kaikki ennakkoon maksetut maksut, jotka kohdistuvat sopimuksen p\u00e4\u00e4ttymisen j\u00e4lkeiseen aikaan.<\/p>","protected":false},"excerpt":{"rendered":"<p>1 Soveltamisala 1.1 Huoneenvuokrasuhteeseen liittyvien tietoverkkopalveluehtojen soveltaminen N\u00e4it\u00e4 tietoverkkopalveluehtoja (j\u00e4ljemp\u00e4n\u00e4: liittym\u00e4-ehdot) sovelletaan Pirkan Opiskelija-asunnot Oy:n (j\u00e4ljemp\u00e4n\u00e4: Poasnet) asukkaalleen huoneistovuokrauksen yhteydess\u00e4 toimittamiin tietoverkkopalveluihin (j\u00e4ljemp\u00e4n\u00e4: palvelu). Palveluna on kiinte\u00e4 Ethernet-verkkoliittym\u00e4. 1.2 Asukas Asukkaalla tarkoitetaan n\u00e4iss\u00e4 liittym\u00e4ehdoissa henkil\u00f6\u00e4, joka asuu vuokrasuhteessa Pirkan Opiskelija-asunnot oy:lt\u00e4 vuokraamassaan vuokra-asunnossa. 1.3 Asukkaan oikeudet N\u00e4ihin liittym\u00e4ehtoihin sovelletaan kaikilta osin ensisijaisesti AHVL:n (Laki asuinhuoneistojen &hellip; <a href=\"https:\/\/poasnet.fi\/en\/liittymaehdot\/\" class=\"more-link\">Continue reading<span class=\"screen-reader-text\"> &#8221;Liittym\u00e4ehdot&#8221;<\/span><\/a><\/p>","protected":false},"author":1,"featured_media":0,"parent":0,"menu_order":0,"comment_status":"closed","ping_status":"closed","template":"","meta":[],"_links":{"self":[{"href":"https:\/\/poasnet.fi\/en\/wp-json\/wp\/v2\/pages\/33"}],"collection":[{"href":"https:\/\/poasnet.fi\/en\/wp-json\/wp\/v2\/pages"}],"about":[{"href":"https:\/\/poasnet.fi\/en\/wp-json\/wp\/v2\/types\/page"}],"author":[{"embeddable":true,"href":"https:\/\/poasnet.fi\/en\/wp-json\/wp\/v2\/users\/1"}],"replies":[{"embeddable":true,"href":"https:\/\/poasnet.fi\/en\/wp-json\/wp\/v2\/comments?post=33"}],"version-history":[{"count":3,"href":"https:\/\/poasnet.fi\/en\/wp-json\/wp\/v2\/pages\/33\/revisions"}],"predecessor-version":[{"id":103,"href":"https:\/\/poasnet.fi\/en\/wp-json\/wp\/v2\/pages\/33\/revisions\/103"}],"wp:attachment":[{"href":"https:\/\/poasnet.fi\/en\/wp-json\/wp\/v2\/media?parent=33"}],"curies":[{"name":"wp","href":"https:\/\/api.w.org\/{rel}","templated":true}]}}