{"id":2,"date":"2019-09-06T01:22:54","date_gmt":"2019-09-05T22:22:54","guid":{"rendered":"https:\/\/poasnet.fi\/?page_id=2"},"modified":"2019-10-28T02:44:15","modified_gmt":"2019-10-28T00:44:15","slug":"esimerkkisivu","status":"publish","type":"page","link":"https:\/\/poasnet.fi\/fi\/","title":{"rendered":"Poasnet"},"content":{"rendered":"\n<p>Tietoverkko nelj\u00e4n sein\u00e4n sis\u00e4lt\u00e4 internetiin saakka.  Tarjolla <a href=\"https:\/\/poas.fi\">Pirkan opiskelija-asunnot oy<\/a>:n asukkaille.<\/p>\n\n\n\n<p>Ominaisuuksiin kuuluvat:<\/p>\n\n\n\n<ul><li>Maksimissaan 1 gigabitin (n. 1000 Mbit\/s) yhteys sis\u00e4\u00e4n- ja ulosp\u00e4in (ollen siis symmetrinen)<\/li><li>Julkinen ipv4-osoite (joka ei ole staattinen jos vaihtuukin vain harvoin)<\/li><li>Yst\u00e4v\u00e4llinen asiakaspalvelu ja joskus my\u00f6s l\u00e4hituki, kiitos verkonvanhimpien (jollainen sinustakin voi tulla!)<\/li><li>Maksamasi asuntovuokra sis\u00e4lt\u00e4\u00e4 kaiken t\u00e4m\u00e4n (jos ei v\u00e4ltt\u00e4m\u00e4tt\u00e4 enemp\u00e4\u00e4)<\/li><\/ul>\n\n\n\n<p>Jos jokin ominaisuus uupuu tai on liiaksi, ole yhteydess\u00e4 niin korjataan asia tai vaietaan siit\u00e4 i\u00e4ksi.<\/p>\n","protected":false},"excerpt":{"rendered":"<p>Tietoverkko nelj\u00e4n sein\u00e4n sis\u00e4lt\u00e4 internetiin saakka. Tarjolla Pirkan opiskelija-asunnot oy:n asukkaille. Ominaisuuksiin kuuluvat: Maksimissaan 1 gigabitin (n. 1000 Mbit\/s) yhteys sis\u00e4\u00e4n- ja ulosp\u00e4in (ollen siis symmetrinen) Julkinen ipv4-osoite (joka ei ole staattinen jos vaihtuukin vain harvoin) Yst\u00e4v\u00e4llinen asiakaspalvelu ja joskus my\u00f6s l\u00e4hituki, kiitos verkonvanhimpien (jollainen sinustakin voi tulla!) Maksamasi asuntovuokra sis\u00e4lt\u00e4\u00e4 kaiken t\u00e4m\u00e4n (jos ei &hellip; <a href=\"https:\/\/poasnet.fi\/fi\/\" class=\"more-link\">Jatka lukemista<span class=\"screen-reader-text\"> &#8221;Poasnet&#8221;<\/span><\/a><\/p>\n","protected":false},"author":1,"featured_media":0,"parent":0,"menu_order":0,"comment_status":"closed","ping_status":"open","template":"","meta":[],"_links":{"self":[{"href":"https:\/\/poasnet.fi\/fi\/wp-json\/wp\/v2\/pages\/2"}],"collection":[{"href":"https:\/\/poasnet.fi\/fi\/wp-json\/wp\/v2\/pages"}],"about":[{"href":"https:\/\/poasnet.fi\/fi\/wp-json\/wp\/v2\/types\/page"}],"author":[{"embeddable":true,"href":"https:\/\/poasnet.fi\/fi\/wp-json\/wp\/v2\/users\/1"}],"replies":[{"embeddable":true,"href":"https:\/\/poasnet.fi\/fi\/wp-json\/wp\/v2\/comments?post=2"}],"version-history":[{"count":7,"href":"https:\/\/poasnet.fi\/fi\/wp-json\/wp\/v2\/pages\/2\/revisions"}],"predecessor-version":[{"id":113,"href":"https:\/\/poasnet.fi\/fi\/wp-json\/wp\/v2\/pages\/2\/revisions\/113"}],"wp:attachment":[{"href":"https:\/\/poasnet.fi\/fi\/wp-json\/wp\/v2\/media?parent=2"}],"curies":[{"name":"wp","href":"https:\/\/api.w.org\/{rel}","templated":true}]}}