{"id":25,"date":"2019-09-10T21:49:18","date_gmt":"2019-09-10T18:49:18","guid":{"rendered":"https:\/\/poasnet.fi\/?page_id=25"},"modified":"2022-09-27T00:59:10","modified_gmt":"2022-09-26T21:59:10","slug":"ohjeet","status":"publish","type":"page","link":"https:\/\/poasnet.fi\/fi\/ohjeet\/","title":{"rendered":"Ohjeet Poasnetin k\u00e4ytt\u00f6\u00f6n"},"content":{"rendered":"\n<h3 id=\"liittyminen\">Liittyminen<\/h3>\n\n\n\n<p>Verkon k\u00e4ytt\u00f6\u00f6notto on pyritty tekem\u00e4\u00e4n helpoksi. Vaiheet ovat seuraavat:<\/p>\n\n\n\n<ol><li><em>Verkkosopimuksen teko<\/em>. Verkkosopimus syntyy&nbsp;<a href=\"https:\/\/poas.fi\/\">asuntotoimistolla<\/a>&nbsp;laaditun vuokrasopimuksen allekirjoituksen yhteydess\u00e4. Verkon k\u00e4yt\u00f6ll\u00e4 tai k\u00e4ytt\u00e4m\u00e4tt\u00f6myydell\u00e4 ei ole vaikutusta vuokran suuruuteen.<\/li><li><em>Verkkoyhteyden avaus<\/em>. Kun vuokrasopimus on tehty, liittym\u00e4 avautuu kuin itsest\u00e4\u00e4n. Muuton hetkell\u00e4 verkkoyhteys on kytkettyn\u00e4 ja asukkaan tarvitsee vain liitt\u00e4\u00e4 laitteensa verkkojohdon kautta asunnon verkkorasiaan. Jollei yhteys n\u00e4in kivuttomasti muodostu, auttaa asiassa asuinkohteen yst\u00e4v\u00e4llinen verkonvanhin, jonka puoleen on suotavaa ongelman tiimoilta k\u00e4\u00e4nty\u00e4.Yhden laitteen kytkeminen verkkoon vaatii asuntoon ainoastaan verkkojohdon. Mik\u00e4li sellaista ei jo entuudestaan omista, voi verkonvanhimmalta kysy\u00e4 t\u00e4llaista lainaan. N\u00e4it\u00e4 ei kuitenkaan kaikissa kohteissa ole tarjolla, joten asukas voi joutua hankkimaan oman. Johdon hinta on noin euro per metri.Mik\u00e4li toiveena on saada useampi laite kerrallaan internetiin, tai muodostaa yhteys asunnon sis\u00e4ll\u00e4 langattomasti, on syyt\u00e4 hankkia lis\u00e4laitteita.&nbsp;<a href=\"https:\/\/poasnet.fi\/ohjeet#laitteita\">Sivustolla on lyhyt ohjeistus n\u00e4iden valitsemiseen<\/a>.<\/li><li><em>Arjesta nauttiminen<\/em>. Kun kaikki halutut laitteet on saatu verkkoon saakka, arki voi alkaa. Mik\u00e4li kaikki sujuu ongelmitta, on seuraava ja viimeinen vaihe vuosien p\u00e4\u00e4st\u00e4 koittavan poismuuton alla tapahtuva korvaavan internet-yhteyden mets\u00e4stys.<\/li><\/ol>\n\n\n\n<blockquote class=\"wp-block-quote\"><p>Huomaa, ett\u00e4 verkonvanhimmat ovat vapaaehtoisiksi ilmoittautuneita kanssa-asukkeja eiv\u00e4tk\u00e4 sidottuja alati p\u00e4ivyst\u00e4m\u00e4\u00e4n muiden asukkaiden liittymistoiveita. Verkonvanhin on enimm\u00e4kseen tavoitettavissa, mutta esimerkiksi loma-aikana se voi vaatia useammankin p\u00e4iv\u00e4n.&nbsp;<em>Jos palvelu on ripe\u00e4\u00e4, k\u00e4y kiitt\u00e4minen paitsi onnea, my\u00f6s asianomaista asiakapalveluaktiivia!<\/em><\/p><p>Pidemm\u00e4n poissaolon aikana on tavanomaista, ett\u00e4 verkonvanhin j\u00e4rjest\u00e4\u00e4 itselleen sijaisen. N\u00e4in k\u00e4ydess\u00e4 tieto n\u00e4kyy talon ilmoitustaululla (tai kodinportissa) ja&nbsp;<a href=\"https:\/\/poasnet.fi\/fi\/yhteystiedot\">my\u00f6s t\u00e4ll\u00e4 nettisivulla<\/a>.<\/p><\/blockquote>\n\n\n\n<h3 id=\"arki\">Arki<\/h3>\n\n\n\n<h4 id=\"tekniikka\">Tekniikka<\/h4>\n\n\n\n<p>Poasnet on yhteydess\u00e4 ulkomaailmaan&nbsp;<a href=\"http:\/\/www.csc.fi\/hallinto\/funet\/esittely\/runkoverkko\">Funet-runkoverkon<\/a>&nbsp;kautta. Yhteys on kahdennettu paitsi Funetin my\u00f6s meid\u00e4n toimestamme. Tampereella sattuvassa yhteysh\u00e4iri\u00f6tilanteessa liikenne siirtyy kulkemaan varayhteyden kautta. T\u00e4m\u00e4 mahdollistaa my\u00f6s laitehuoltojen tekemisen sen n\u00e4kym\u00e4tt\u00e4 loppuk\u00e4ytt\u00e4j\u00e4lle saakka.<\/p>\n\n\n\n<p>Liikennett\u00e4 ei rajoiteta: jokainen yhteyslaite on k\u00e4yt\u00e4nn\u00f6ss\u00e4 suoraan Internetin armoilla. T\u00e4m\u00e4n johdosta tietoturvaan panostaminen on ensiarvoisen t\u00e4rke\u00e4\u00e4.&nbsp;<em>Ajantasaisen palomuurin ja virustorjunnan k\u00e4ytt\u00f6 on v\u00e4ltt\u00e4m\u00e4t\u00f6nt\u00e4<\/em>.<\/p>\n\n\n\n<p>Verkko on nopea. Teoriassa ja k\u00e4yt\u00e4nn\u00f6ss\u00e4kin.<\/p>\n\n\n\n<ul><li>Yhteysnopeus ulkomaailmaan:&nbsp;<em>100Gbit\/s<\/em><\/li><li>Yhteysnopeus asuinkohteisiin:&nbsp;<em>10Gbit\/s<\/em><\/li><li>Yhteysnopeus asuntoon:&nbsp; <em>1Gbit\/s (1000MBit\/s)<\/em><\/li><\/ul>\n\n\n\n<blockquote class=\"wp-block-quote\"><p>T\u00e4m\u00e4 tarkoittaa k\u00e4yt\u00e4nn\u00f6ss\u00e4 sit\u00e4, ett\u00e4 sinun lis\u00e4ksesi yhdeks\u00e4n naapuriasi saavat k\u00e4ytt\u00e4\u00e4 yhteytt\u00e4 mielens\u00e4 mukaan ennen kuin yhdennentoista liikenn\u00f6inti voi aiheuttaa huippunopeuksien alentumaa. Edelleen, jotta muissa kohteissa n\u00e4kyisi ruuhkaoireita, tulisi aktiivitehok\u00e4ytt\u00e4ji\u00e4 olla vastaavin m\u00e4\u00e4rin linjoilla kymmeness\u00e4 kohteessa samanaikaisesti.<\/p><p>K\u00e4yt\u00e4nn\u00f6ss\u00e4 t\u00e4h\u00e4n vaaditaan monen monta k\u00e4ytt\u00e4j\u00e4\u00e4 enemm\u00e4n, sill\u00e4 liikenn\u00f6inti on tyypillisesti katkonaista. Esimerkiksi t\u00e4m\u00e4n ohjesivun lataus kesti todenn\u00e4k\u00f6isesti alle sekunnin, kun lukemisensa ottaa minuutteja. Omalta osaltaan piikkej\u00e4 pienent\u00e4v\u00e4t my\u00f6s yhteyslaitteet, sill\u00e4 ei ole tavatonta, ett\u00e4 ne eiv\u00e4t jaksa verkon huippunopeuksissa mukana.<\/p><\/blockquote>\n\n\n\n<h4 id=\"palvelut\">Palvelut<\/h4>\n\n\n\n<p>Asukkaalle tarjottavat palvelut.<\/p>\n\n\n\n<ul><li>Julkisia IP-osoitteita:<em> 2 kappaletta per asunto<\/em>\u00a0(jako DHCP:lla, ei kiinte\u00e4ksi luvattava)<\/li><\/ul>\n\n\n\n<h4 id=\"ongelmatilanteet\">Ongelmatilanteet<\/h4>\n\n\n\n<ul><li>Mik\u00e4li liittym\u00e4 ei toimi oikein, etk\u00e4 pysty ongelmaa ratkaisemaan esimerkiksi asetukset korjaamalla tai rikkoutuneen laitteen korvaamalla, ota ensisijaisesti yhteytt\u00e4 oman asuntokohteesi verkonvanhimpaan. H\u00e4n voi taitojensa ja vapaa-aikansa rajoissa auttaa tunnistamaan ja ratkomaan ongelman.<\/li><li>Vian ollessa verkkotekninen, esimerkiksi rikkoutunut kytkin laitetilassa, tieto siit\u00e4 v\u00e4littyy verkonvanhimmankin kautta yll\u00e4pidolle.<\/li><li>Yleisluontoisissa ongelma- ja ep\u00e4selvyystilanteissa apua voi kysell\u00e4 my\u00f6s s\u00e4hk\u00f6postitse osoitteesta&nbsp;<a href=\"mailto:helpdesk@opintanner.net\">helpdesk@<\/a><a href=\"mailto:helpdesk@poasnet.fi\">poasnet.fi<\/a>.<\/li><\/ul>\n\n\n\n<h4 id=\"irtisanominen\">Irtisanominen<\/h4>\n\n\n\n<p>Yhteyden irtisanominen p\u00e4\u00e4tt\u00e4\u00e4 sopimuksen tekohetkell\u00e4 alkaneen vastuun verkon k\u00e4yt\u00f6st\u00e4. Se astuu voimaan&nbsp;<a style=\"outline-width: 0px !important; user-select: auto !important;\" href=\"https:\/\/poasnet.fi\/fi\/liittymaehdot\">Poasnetin liittym\u00e4ehtojen<\/a>&nbsp;mukaisesti asunnon vuokrasopimuksen irtisanomisen yhteydess\u00e4.<\/p>\n\n\n\n<p>Mik\u00e4li asukkaalla on lainassa laitteistoa, kuten tavanomaisimmin verkkokaapeli, tulee t\u00e4m\u00e4 palauttaa viimeist\u00e4\u00e4n irtisanomisen yhteydess\u00e4. Kaapelin tapauksessa t\u00e4m\u00e4 k\u00e4y helposti pujottamalla johto verkonvanhimman asunnon postilokeroon toimituksen yhteydess\u00e4.<\/p>\n\n\n\n<h3 id=\"oppaat\">Oppaat<\/h3>\n\n\n\n<h4 id=\"laajakaistareititin\">Laajakaistareitittimen hankinta<\/h4>\n\n\n\n<p>Laajakaistareititin (joskus my\u00f6s langaton tukiasema) on laite, joka mahdollistaa yhden tai useamman yhteyskoneen yhdenaikaisen yhdist\u00e4misen internetiin niin verkkojohdoin kuin langattomastikin. Yhden verkkoyhteytt\u00e4 tarvitsevan laitteen talouksissa reititin voi olla tarpeeton, mik\u00e4li konetta ei ole tarvetta liikutella.<\/p>\n\n\n\n<p>Reitittimen k\u00e4ytt\u00f6\u00f6notto on kivutonta. Laite sijoitetaan asunnon verkkorasiaan liitetyn johdon jatkeeksi ja siihen asetetaan oikeat asuntokohtaiset verkkoasetukset, jonka j\u00e4lkeen se huolehtii kaikesta meno- ja paluuliikenteest\u00e4 internetiin. Muut laitteet, jotka halutaan verkkoyhteyden piiriin, voidaan m\u00e4\u00e4ritt\u00e4\u00e4 reitittimen luoman l\u00e4hiverkon k\u00e4ytt\u00e4jiksi. T\u00e4m\u00e4n my\u00f6t\u00e4 ne saavat kauttaan k\u00e4ytt\u00f6kelpoiset asetukset ja yhteyden paitsi internetiin, my\u00f6s muihin saman l\u00e4hiverkon laitteisiin. L\u00e4hiverkko mahdollistaa esimerkiksi pelaamisen ja tiedostojen siirron koneiden v\u00e4lill\u00e4. Reititt\u00e4v\u00e4ksi kutsuttu ratkaisu aiheuttaa sen, ett\u00e4 l\u00e4hiverkko on internetin suuntaan n\u00e4kym\u00e4t\u00f6n &#8211; kaikki kodin koneet jakavat saman IP-osoitteen.<\/p>\n\n\n\n<h4 id=\"ominaisuudet\">Ominaisuudet<\/h4>\n\n\n\n<p>Tyypillisin markkinoilla oleva reititin sis\u00e4lt\u00e4\u00e4 nelj\u00e4 LAN-porttia ja tuen langattomille WLAN-yhteytt\u00e4 k\u00e4ytt\u00e4ville koneille. Suorituskyky ja ominaisuudet vaihtelevat, mutta jo muutamalla kymmenell\u00e4 eurolla saa reitittimen, joka riitt\u00e4\u00e4 kivuttomaan perusk\u00e4ytt\u00f6\u00f6n. Lis\u00e4investoinnilla saatavia ominaisuuksia ovat tyypillisesti USB-portit tulostimelle tai ulkoiselle kiintolevylle, nopeammat yhteydet mahdollistavat verkkoliit\u00e4nn\u00e4t sek\u00e4 lis\u00e4teho, joka takaa laitteen toimimisen intensiivisemm\u00e4ss\u00e4kin k\u00e4yt\u00f6ss\u00e4.<\/p>\n\n\n\n<p>Toimiakseen Poasnetiss\u00e4 kelvollisesti, riitt\u00e4\u00e4, ett\u00e4 reititin tukee RJ-45-liit\u00e4nt\u00e4ist\u00e4 100\/1000 megabitin nopeuksista yhteytt\u00e4 internetin suuntaan. Erilaisesta verkkotekniikasta johtuen puhelinpistokkeeseen kytkett\u00e4v\u00e4 ADSL-modeemi ei t\u00e4yt\u00e4 t\u00e4t\u00e4 vaatimusta, eik\u00e4 sit\u00e4 siksi tule k\u00e4ytt\u00e4\u00e4 t\u00e4h\u00e4n tarkoitukseen.<\/p>\n\n\n\n<h4 id=\"laitteita\">Laitteita<\/h4>\n\n\n\n<p>Syksyll\u00e4 2019 halvimmat uudet reitittimet maksavat alimmillaan 20 euroa. T\u00e4llainen laite tarjoaa tyypillisesti 100 megabitin yhteysnopeuden verkkojohdolla yhdistett\u00e4viin laitteisiin ja internetiin sek\u00e4 jopa 150-300 megabitin langattoman yhteyden. Laitteiden suorituskyky ei v\u00e4ltt\u00e4m\u00e4tt\u00e4 riit\u00e4 tehok\u00e4ytt\u00e4j\u00e4lle, mutta jollet tied\u00e4 tarvitsevasi parempaa, t\u00e4m\u00e4 on todenn\u00e4k\u00f6isesti riitt\u00e4v\u00e4 ratkaisu. Poasnetist\u00e4 t\u00e4yden hy\u00f6dyn saadaksesi kannattaa kuitenkin panostaa sellaiseen laitteeseen, joka juttelee internetin suuntaan v\u00e4hint\u00e4\u00e4n t\u00e4t\u00e4 teoreettista maksimiamme olevaa 1000 megabitin vauhtia, t\u00e4llaiset laitteet kun eiv\u00e4t merkitt\u00e4v\u00e4sti enemp\u00e4\u00e4 maksa.<\/p>\n\n\n\n<ul><li>Laite-ehdotuksia:&nbsp;<em>tulossa.<\/em><\/li><\/ul>\n\n\n\n<p>Mik\u00e4li tarpeensa osaa m\u00e4\u00e4ritell\u00e4 tarkemmin, on tarjolla my\u00f6s hintavempia vaihtoehtoja. Lis\u00e4ominaisuuksien joukossa on joskus nettiliikenteen suodatusta helpottavia asetuksia, kuten lapsilukko, tai optimoinnin mahdollistavia priorisointity\u00f6kaluja. Lis\u00e4euroilla saa my\u00f6s suorituskyky\u00e4.<\/p>\n\n\n\n<ul><li>Laite-ehdotuksia:&nbsp;<em>tulossa.<\/em><\/li><\/ul>\n\n\n\n<p>Tiedostavalle k\u00e4ytt\u00e4j\u00e4lle on tarjolla vanhenemista uhmaavia, hintavia laitteita, joissa riitt\u00e4\u00e4 ominaisuuksia. Alempaan hintaluokkaan erona 90 euron ja sit\u00e4 kalliimpien reitittimien ominaisuuksia ovat halvempia varmemmin nopeasti toimiva yhteys raskaassakin k\u00e4yt\u00f6ss\u00e4, sek\u00e4 liit\u00e4nn\u00e4t, joilla reitittimest\u00e4 voi tehd\u00e4 verkkoaseman tai -tulostimen. 4g-varayhteysoptio voi sekin puhutella, jollei muuten niin j\u00e4lleenmyyntiarvon kasvattajana. Lis\u00e4ksi nopeamman sis\u00e4verkon ja tulevaisuudessakin vikkel\u00e4n internet-yhteyden takaavia 1000 megabitin nopeuteen pystyvi\u00e4 verkkoportteja on useimmissa malleissa. Kuitenkin k\u00e4yt\u00e4nn\u00f6ss\u00e4: jollet tied\u00e4 tarvitsevasi, on t\u00e4m\u00e4n hintaluokan laite yliampuva.<\/p>\n\n\n\n<ul><li>Laite-ehdotuksia:&nbsp;<em>tulossa.<\/em><\/li><\/ul>\n\n\n\n<blockquote class=\"wp-block-quote\"><p>Laite-ehdotukset on syyt\u00e4 nauttia suolan kanssa, sill\u00e4 kaikista ei ole k\u00e4ytt\u00f6kokemuksia. Tuotteet on listattu, jotta lukija saisi kuvan siit\u00e4, mink\u00e4laisia laitteita eri hintaluokissa on olemassa ja osaisi erottaa laajakaistareitittimet muista verkkolaitteista.<\/p><p>Lis\u00e4ksi, vaikka reitittimet ovat yksinkertaisia asentaa ja k\u00e4ytt\u00f6\u00f6nottaa, kannattaa ensimm\u00e4iseen asennuskertaan varata hetki ja lukea laitteen mukana tulevat ohjeet huolella l\u00e4pi. T\u00e4m\u00e4 on tarpeen jotta yhteys internetiin muodostuisi turvallisesti, varsinkin tapauksissa, joissa k\u00e4ytt\u00f6\u00f6n halutaan langaton verkko. WLAN on syyt\u00e4 salata hyvin, jottei l\u00e4hiverkko avaudu naapureille, joten tutustu k\u00e4ytt\u00f6ohjeisiin.<\/p><p>Jatkoluettavaa aiheesta kiinnostuneelle tarjoaa mm. Wikipedia: lue lis\u00e4\u00e4&nbsp;<a href=\"http:\/\/fi.wikipedia.org\/wiki\/Reititin\">reitittimist\u00e4<\/a>,&nbsp;<a href=\"http:\/\/fi.wikipedia.org\/wiki\/L%C3%A4hiverkko\">l\u00e4hiverkosta<\/a>&nbsp;ja&nbsp;<a href=\"http:\/\/fi.wikipedia.org\/wiki\/WLAN\">WLAN-yhteydest\u00e4<\/a>.<\/p><\/blockquote>\n","protected":false},"excerpt":{"rendered":"<p>Liittyminen Verkon k\u00e4ytt\u00f6\u00f6notto on pyritty tekem\u00e4\u00e4n helpoksi. Vaiheet ovat seuraavat: Verkkosopimuksen teko. Verkkosopimus syntyy&nbsp;asuntotoimistolla&nbsp;laaditun vuokrasopimuksen allekirjoituksen yhteydess\u00e4. Verkon k\u00e4yt\u00f6ll\u00e4 tai k\u00e4ytt\u00e4m\u00e4tt\u00f6myydell\u00e4 ei ole vaikutusta vuokran suuruuteen. Verkkoyhteyden avaus. Kun vuokrasopimus on tehty, liittym\u00e4 avautuu kuin itsest\u00e4\u00e4n. Muuton hetkell\u00e4 verkkoyhteys on kytkettyn\u00e4 ja asukkaan tarvitsee vain liitt\u00e4\u00e4 laitteensa verkkojohdon kautta asunnon verkkorasiaan. Jollei yhteys n\u00e4in kivuttomasti &hellip; <a href=\"https:\/\/poasnet.fi\/fi\/ohjeet\/\" class=\"more-link\">Jatka lukemista<span class=\"screen-reader-text\"> &#8221;Ohjeet Poasnetin k\u00e4ytt\u00f6\u00f6n&#8221;<\/span><\/a><\/p>\n","protected":false},"author":1,"featured_media":0,"parent":0,"menu_order":0,"comment_status":"closed","ping_status":"closed","template":"","meta":[],"_links":{"self":[{"href":"https:\/\/poasnet.fi\/fi\/wp-json\/wp\/v2\/pages\/25"}],"collection":[{"href":"https:\/\/poasnet.fi\/fi\/wp-json\/wp\/v2\/pages"}],"about":[{"href":"https:\/\/poasnet.fi\/fi\/wp-json\/wp\/v2\/types\/page"}],"author":[{"embeddable":true,"href":"https:\/\/poasnet.fi\/fi\/wp-json\/wp\/v2\/users\/1"}],"replies":[{"embeddable":true,"href":"https:\/\/poasnet.fi\/fi\/wp-json\/wp\/v2\/comments?post=25"}],"version-history":[{"count":4,"href":"https:\/\/poasnet.fi\/fi\/wp-json\/wp\/v2\/pages\/25\/revisions"}],"predecessor-version":[{"id":174,"href":"https:\/\/poasnet.fi\/fi\/wp-json\/wp\/v2\/pages\/25\/revisions\/174"}],"wp:attachment":[{"href":"https:\/\/poasnet.fi\/fi\/wp-json\/wp\/v2\/media?parent=25"}],"curies":[{"name":"wp","href":"https:\/\/api.w.org\/{rel}","templated":true}]}}