{"id":29,"date":"2019-09-10T22:07:05","date_gmt":"2019-09-10T19:07:05","guid":{"rendered":"https:\/\/poasnet.fi\/?page_id=29"},"modified":"2026-02-23T21:54:33","modified_gmt":"2026-02-23T19:54:33","slug":"yhteystiedot","status":"publish","type":"page","link":"https:\/\/poasnet.fi\/fi\/yhteystiedot\/","title":{"rendered":"Yhteystiedot"},"content":{"rendered":"\n<blockquote class=\"wp-block-quote\"><p>Jos kysymyksesi ei koske mit\u00e4\u00e4n tietty\u00e4 kohdetta tai et saa kohteesi verkonvanhimmalta vastausta kohtuullisen ajan kuluessa, ota yhteytt\u00e4 verkon yleisapuosoitteeseen:&nbsp;<a href=\"mailto:helpdesk@poasnet.fi\">helpdesk@poasnet.fi<\/a>.<\/p><p>Kohteesi verkonvanhimman yhteystiedon ja puhelinnumeron l\u00f6yd\u00e4t tarvittaessa my\u00f6s <a href=\"https:\/\/www.kodinportaali.fi\/\">Kodinportaalista<\/a>.<\/p><\/blockquote>\n\n\n\n<h2>Verkonvanhimmat<\/h2>\n\n\n\n<p>Hyv\u00e4\u00e4 hyvyytt\u00e4\u00e4n apuaan naapureilleen tarjoavat ihmiset.<\/p>\n\n\n\n<h4>Hipposkyl\u00e4nkuja 6, 33530 Tampere<\/h4>\n\n\n\n<p>Juho, <a href=\"mailto:insinoorinkatu19@poasnet.fi\">hipposkylankuja6@poasnet.fi<\/a>, puhelinnumero <a href=\"https:\/\/mobile.o4a.fi\/\">One4All-asukasj\u00e4rjestelm\u00e4st\u00e4<\/a><\/p>\n\n\n\n<h4>Insin\u00f6\u00f6rinkatu 19, 33720 Tampere<\/h4>\n\n\n\n<p>Severi, <a href=\"mailto:insinoorinkatu19@poasnet.fi\">insinoorinkatu19@poasnet.fi<\/a>, puhelinnumero <a href=\"https:\/\/www.kodinportaali.fi\/\">Kodinportaalista<\/a> <\/p>\n\n\n\n<h4>Insin\u00f6\u00f6rinkatu 59, 33720 Tampere<\/h4>\n\n\n\n<p>Jan,&nbsp;<a href=\"mailto:insinoorinkatu59@poasnet.fi\">insinoorinkatu59@poasnet.fi<\/a>, puhelinnumero <a href=\"https:\/\/www.kodinportaali.fi\/\">Kodinportaalista<\/a> <\/p>\n\n\n\n<h4>Insin\u00f6\u00f6rinkatu 66, 33720 Tampere <\/h4>\n\n\n\n<p>Elias, <a href=\"mailto:insinoorinkatu66@poasnet.fi\">insinoorinkatu66@poasnet.fi<\/a>, puhelinnumero <a href=\"https:\/\/www.kodinportaali.fi\/\">Kodinportaalista<\/a> <\/p>\n\n\n\n<h4>Insin\u00f6\u00f6rinkatu 68, 33720 Tampere<\/h4>\n\n\n\n<p>Elias, <a href=\"mailto:insinoorinkatu68@poasnet.fi\">insinoorinkatu68@poasnet.fi<\/a>, puhelinnumero <a href=\"https:\/\/www.kodinportaali.fi\/\">Kodinportaalista<\/a> <\/p>\n\n\n\n<h4>j\u00e4\u00e4hallinkaari 6, 33540 Tampere<\/h4>\n\n\n\n<p>Kohteeseen etsit\u00e4\u00e4n verkonvanhinta. Ilmoittaudu ja voita! Tukiasioissa k\u00e4\u00e4nny yll\u00e4pidon puoleen.<\/p>\n\n\n\n<h4>Karosenkatu 2, 33710 Tampere <\/h4>\n\n\n\n<p>Johanna, <a href=\"mailto:karosenkatu2@poasnet.fi\">karosenkatu2@poasnet.fi<\/a>, puhelinnumero <a href=\"https:\/\/www.kodinportaali.fi\/\">Kodinportaalista<\/a> <\/p>\n\n\n\n<h4>Kuusikonkatu 4, 33820 Tampere <\/h4>\n\n\n\n<p>&nbsp;Sami, <a href=\"mailto:kuusikonkatu4@poasnet.fi\">kuusikonkatu4@poasnet.fi<\/a>, puhelinnumero <a href=\"https:\/\/www.kodinportaali.fi\/\">Kodinportaalista<\/a> <\/p>\n\n\n\n<h4>K\u00e4rkikuja 2, 33720 Tampere<\/h4>\n\n\n\n<p class=\"has-text-align-left\">Eppu, <a href=\"karkikuja2@poasnet.fi\" data-type=\"URL\" data-id=\"karkikuja2@poasnet.fi\">karkikuja2@poasnet.fi <\/a>, puhelinnumero <a href=\"https:\/\/www.kodinportaali.fi\/\">Kodinportaalista<\/a><\/p>\n\n\n\n<h4>K\u00e4rkikuja 6, 33720 Tampere<\/h4>\n\n\n\n<p>Kohteeseen etsit\u00e4\u00e4n verkonvanhinta. Ilmoittaudu ja voita! Tukiasioissa k\u00e4\u00e4nny yll\u00e4pidon puoleen.<\/p>\n\n\n\n<h4>Leirint\u00e4katu 2, 33900 Tampere<\/h4>\n\n\n\n<p>Oskari, <a href=\"mailto:leirintakatu2@poasnet.fi\">leirintakatu2@poasnet.fi<\/a>, puhelinnumero <a href=\"https:\/\/www.kodinportaali.fi\/\">Kodinportaalista<\/a> <\/p>\n\n\n\n<h4>Matti Tapion katu 2, 33720 Tampere<\/h4>\n\n\n\n<p>Kohteeseen etsit\u00e4\u00e4n verkonvanhinta. Ilmoittaudu ja voita! Tukiasioissa k\u00e4\u00e4nny yll\u00e4pidon puoleen. <\/p>\n\n\n\n<h4>Mekaniikanpolku 6, 33720 Tampere<\/h4>\n\n\n\n<p>Jim,&nbsp;<a href=\"mailto:mekaniikanpolku6@poasnet.fi\">mekaniikanpolku6@poasnet.fi<\/a>, puhelinnumero <a href=\"https:\/\/www.kodinportaali.fi\/\">Kodinportaalista<\/a> <\/p>\n\n\n\n<h4>Nuolialantie 48, 33900 Tampere<\/h4>\n\n\n\n<p>Lauri, <a href=\"mailto:nuolialantie48@poasnet.fi\">nuolialantie48@poasnet.fi<\/a>, puhelinnumero <a href=\"https:\/\/www.kodinportaali.fi\/\">Kodinportaalista<\/a><\/p>\n\n\n\n<h4>N\u00e4yttelij\u00e4nkatu 26 &amp; N\u00e4ytt\u00e4m\u00f6nkatu 6, 33720 Tampere<\/h4>\n\n\n\n<p>Kohteeseen etsit\u00e4\u00e4n verkonvanhinta. Ilmoittaudu ja voita! Tukiasioissa k\u00e4\u00e4nny yll\u00e4pidon puoleen.<\/p>\n\n\n\n<h4>N\u00e4ytt\u00e4m\u00f6nkatu 4, 33720 Tampere<\/h4>\n\n\n\n<p>Kohteeseen etsit\u00e4\u00e4n verkonvanhinta. Ilmoittaudu ja voita! Tukiasioissa k\u00e4\u00e4nny yll\u00e4pidon puoleen.<\/p>\n\n\n\n<h4>Peltokatu 33, 33100 Tampere<\/h4>\n\n\n\n<p>Kohteeseen etsit\u00e4\u00e4n verkonvanhinta. Ilmoittaudu ja voita! Tukiasioissa k\u00e4\u00e4nny yll\u00e4pidon puoleen.<\/p>\n\n\n\n<h4>Perki\u00f6nkatu 85, 33900 Tampere<\/h4>\n\n\n\n<p>Kohteeseen etsit\u00e4\u00e4n verkonvanhinta. Ilmoittaudu ja voita! Tukiasioissa k\u00e4\u00e4nny yll\u00e4pidon puoleen.<\/p>\n\n\n\n<h4>Piennarkatu 35, 33500 Tampere <\/h4>\n\n\n\n<p>Kohteeseen etsit\u00e4\u00e4n verkonvanhinta. Ilmoittaudu ja voita! Tukiasioissa k\u00e4\u00e4nny yll\u00e4pidon puoleen.<\/p>\n\n\n\n<h4>Ritakatu 13 A-D, 33530 TAMPERE<\/h4>\n\n\n\n<p>Jan, <a href=\"mailto:ritakatu13@poasnet.fi\">ritakatu13@poasnet.fi<\/a>, puhelinnumero <a href=\"https:\/\/www.kodinportaali.fi\/\">Kodinportaalista<\/a> <\/p>\n\n\n\n<h4>Ritakatu 3 K-M, 33530 TAMPERE<\/h4>\n\n\n\n<p>Jan, <a href=\"mailto:ritakatu3@poasnet.fi\">ritakatu3@poasnet.fi<\/a>, puhelinnumero <a href=\"https:\/\/www.kodinportaali.fi\/\">Kodinportaalista<\/a> <\/p>\n\n\n\n<h4>RiSTINARKUNTIE 18, 33560 TAMPERE<\/h4>\n\n\n\n<p>&nbsp;Joonas, <a href=\"mailto:ristinarkuntie18@poasnet.fi\">ristinarkuntie18@poasnet.fi<\/a>, puhelinnumero <a href=\"https:\/\/www.kodinportaali.fi\/\">Kodinportaalista<\/a> <\/p>\n\n\n\n<h4>Siirtolapuutarhankatu 4, 33900 Tampere <\/h4>\n\n\n\n<p>Joonas, <a href=\"mailto:siirtolapuutarhankatu4@poasnet.fi\">siirtolapuutarhankatu4@poasnet.fi<\/a>, puhelinnumero <a href=\"https:\/\/www.kodinportaali.fi\/\">Kodinportaalista<\/a> <\/p>\n\n\n\n<h4>Tieteenkatu 18, 33720 Tampere<\/h4>\n\n\n\n<p>Tomi, <a href=\"mailto:tieteenkatu18@poasnet.fi\">tieteenkatu18@poasnet.fi<\/a>, puhelinnumero <a href=\"https:\/\/www.kodinportaali.fi\/\">Kodinportaalista<\/a> <\/p>\n\n\n\n<h4>Vaahterakuja 1, 33840 Tampere<\/h4>\n\n\n\n<p>Kohteeseen etsit\u00e4\u00e4n verkonvanhinta. Ilmoittaudu ja voita! Tukiasioissa k\u00e4\u00e4nny yll\u00e4pidon puoleen.<\/p>\n\n\n\n<h4>Vaahterakuja 3, 33840 Tampere<\/h4>\n\n\n\n<p>Kohteeseen etsit\u00e4\u00e4n verkonvanhinta. Ilmoittaudu ja voita! Tukiasioissa k\u00e4\u00e4nny yll\u00e4pidon puoleen. <\/p>\n\n\n\n<h4>Vaahterakuja 5, 33840 Tampere<\/h4>\n\n\n\n<p>Saija, &nbsp;<a href=\"mailto:vaahterakuja5@poasnet.fi\">vaahterakuja5@poasnet.fi<\/a>, puhelinnumero <a href=\"https:\/\/www.kodinportaali.fi\/\">Kodinportaalista<\/a> <\/p>\n\n\n\n<h4>Vaahterakuja 7, 33840 Tampere<\/h4>\n\n\n\n<p>Jarmo, <a href=\"mailto:vaahterakuja7@poasnet.fi\">vaahterakuja7@poasnet.fi<\/a>, puhelinnumero <a href=\"https:\/\/www.kodinportaali.fi\/\">Kodinportaalista<\/a> <\/p>\n\n\n\n<h4>Vaahterakuja 9, 33840 TamperE<\/h4>\n\n\n\n<p>Otto,  <a href=\"mailto:vaahterakuja9@poasnet.fi\">vaahterakuja9@poasnet.fi<\/a>, puhelinnumero <a href=\"https:\/\/www.kodinportaali.fi\/\">Kodinportaalista<\/a> <\/p>\n\n\n\n<h4>Vihilahdenkatu 7, 33900 Tampere<\/h4>\n\n\n\n<p>Jukka,  <a href=\"mailto:vihilahdenkatu7@poasnet.fi\">vihilahdenkatu7@poasnet.fi<\/a>, puhelinnumero <a href=\"https:\/\/www.kodinportaali.fi\/\">Kodinportaalista<\/a> <\/p>\n\n\n\n<h4>Vihinkuja 1, 33820 Tampere<\/h4>\n\n\n\n<p>Kalle,  <a href=\"mailto:vihinkuja1@poasnet.fi\">vihinkuja1@poasnet.fi<\/a>, puhelinnumero <a href=\"https:\/\/www.kodinportaali.fi\/\">Kodinportaalista<\/a> <\/p>\n\n\n\n<h2>Yll\u00e4pito<\/h2>\n\n\n\n<p>Rahaa vastaan aikaansa tuhlaavat tahot.<\/p>\n\n\n\n<ul><li>Mika Ahoniemi,&nbsp;+358 443758977,&nbsp;<a style=\"outline-width: 0px !important; user-select: auto !important;\" href=\"mailto:mika.ahoniemi@poasnet.fi\">mika.ahoniemi@poasnet.fi<\/a><\/li><li>Niko Ruotsalainen,&nbsp;+358 405563963,&nbsp;<a href=\"mailto:niko.ruotsalainen@poasnet.fi\">niko.ruotsalainen@poasnet.fi<\/a><\/li><li>Timo Virtanen, +358 440898552, <a href=\"mailto:timo.virtanen@poasnet.fi\">timo.virtanen@poasnet.fi<\/a><\/li><li>Ossi Hakkarainen, +358 509111360, <a href=\"mailto:ossi.hakkarainen@poasnet.fi\">ossi.hakkarainen@poasnet.fi<\/a><\/li><li>Esa Varemo, +358 400773138, <a href=\"mailto:esa.varemo@poasnet.fi\">esa.varemo@poasnet.fi<\/a><\/li><\/ul>\n","protected":false},"excerpt":{"rendered":"<p>Jos kysymyksesi ei koske mit\u00e4\u00e4n tietty\u00e4 kohdetta tai et saa kohteesi verkonvanhimmalta vastausta kohtuullisen ajan kuluessa, ota yhteytt\u00e4 verkon yleisapuosoitteeseen:&nbsp;helpdesk@poasnet.fi. Kohteesi verkonvanhimman yhteystiedon ja puhelinnumeron l\u00f6yd\u00e4t tarvittaessa my\u00f6s Kodinportaalista. Verkonvanhimmat Hyv\u00e4\u00e4 hyvyytt\u00e4\u00e4n apuaan naapureilleen tarjoavat ihmiset. Hipposkyl\u00e4nkuja 6, 33530 Tampere Juho, hipposkylankuja6@poasnet.fi, puhelinnumero One4All-asukasj\u00e4rjestelm\u00e4st\u00e4 Insin\u00f6\u00f6rinkatu 19, 33720 Tampere Severi, insinoorinkatu19@poasnet.fi, puhelinnumero Kodinportaalista Insin\u00f6\u00f6rinkatu 59, 33720 &hellip; <a href=\"https:\/\/poasnet.fi\/fi\/yhteystiedot\/\" class=\"more-link\">Jatka lukemista<span class=\"screen-reader-text\"> &#8221;Yhteystiedot&#8221;<\/span><\/a><\/p>\n","protected":false},"author":1,"featured_media":0,"parent":0,"menu_order":0,"comment_status":"closed","ping_status":"closed","template":"","meta":[],"_links":{"self":[{"href":"https:\/\/poasnet.fi\/fi\/wp-json\/wp\/v2\/pages\/29"}],"collection":[{"href":"https:\/\/poasnet.fi\/fi\/wp-json\/wp\/v2\/pages"}],"about":[{"href":"https:\/\/poasnet.fi\/fi\/wp-json\/wp\/v2\/types\/page"}],"author":[{"embeddable":true,"href":"https:\/\/poasnet.fi\/fi\/wp-json\/wp\/v2\/users\/1"}],"replies":[{"embeddable":true,"href":"https:\/\/poasnet.fi\/fi\/wp-json\/wp\/v2\/comments?post=29"}],"version-history":[{"count":47,"href":"https:\/\/poasnet.fi\/fi\/wp-json\/wp\/v2\/pages\/29\/revisions"}],"predecessor-version":[{"id":237,"href":"https:\/\/poasnet.fi\/fi\/wp-json\/wp\/v2\/pages\/29\/revisions\/237"}],"wp:attachment":[{"href":"https:\/\/poasnet.fi\/fi\/wp-json\/wp\/v2\/media?parent=29"}],"curies":[{"name":"wp","href":"https:\/\/api.w.org\/{rel}","templated":true}]}}