{"id":3,"date":"2019-09-06T01:22:54","date_gmt":"2019-09-05T22:22:54","guid":{"rendered":"https:\/\/poasnet.fi\/?page_id=3"},"modified":"2019-10-28T01:39:14","modified_gmt":"2019-10-27T23:39:14","slug":"tietosuojaseloste","status":"publish","type":"page","link":"https:\/\/poasnet.fi\/fi\/tietosuojaseloste\/","title":{"rendered":"Tietosuojaseloste"},"content":{"rendered":"\n<h2>Keit\u00e4 olemme<\/h2>\n\n\n\n<p>Poasnet.fi on Pirkan opiskelija-asunnot oy:n tietoverkon, Poasnetin, virallinen tiedotuskanava. Sivustosta vastaa Poasnetin yll\u00e4pito.<\/p>\n\n\n\n<h2>Mit\u00e4 henkil\u00f6tietoa ker\u00e4\u00e4mme ja miksi<\/h2>\n\n\n\n<p>Poasnet.fi-verkkosivusto ei ker\u00e4\u00e4 eik\u00e4 k\u00e4sittele henkil\u00f6tietoja pois lukien verkkosivustolla vierailusta syntyv\u00e4t v\u00e4ltt\u00e4m\u00e4tt\u00f6m\u00e4t merkinn\u00e4t k\u00e4ynnist\u00e4si. T\u00e4llaisia ovat esimerkiksi ip-osoite josta sivulatauspyynt\u00f6 on tullut sek\u00e4 tapahtuman aikaleima. N\u00e4it\u00e4 tietoja ei pyrit\u00e4 yhdist\u00e4m\u00e4\u00e4n henkil\u00f6\u00f6n. Niit\u00e4 ker\u00e4t\u00e4\u00e4n teknisen yleiskuvan luomiseksi.<\/p>\n\n\n\n<h2>Kenelle jaamme tietosi<\/h2>\n\n\n\n<p>Mit\u00e4\u00e4n verkkosivuston kautta syntyneit\u00e4 tietoja ei jaeta ulkopuolisille.<\/p>\n\n\n\n<h2>Kuinka kauan s\u00e4ilyt\u00e4mme tietoa<\/h2>\n\n\n\n<p>Tiedot s\u00e4ilyv\u00e4t niiden luonnollisen hy\u00f6dynt\u00e4miselinkaaren ajan, eli niin pitk\u00e4\u00e4n kuin koemme tarpeelliseksi seurata yleisell\u00e4 tasolla verkkosivuston toimivuutta ja tavoittavuutta.<\/p>\n\n\n\n<h2>Mit\u00e4 oikeuksia sinulla on omaan tietoosi<\/h2>\n\n\n\n<p>Sinulla on oikeus tiet\u00e4\u00e4 sinusta koottu tiet\u00e4mys siin\u00e4kin tilanteessa, ett\u00e4 sellaista aineistoa nimenomaisesti ei ker\u00e4t\u00e4.<\/p>\n\n\n\n<p>Mik\u00e4li haluat selvitt\u00e4\u00e4 sinusta kootun aineiston tai pyyt\u00e4\u00e4 sen h\u00e4vitt\u00e4mist\u00e4, voit l\u00e4hesty\u00e4 meit\u00e4 yhteydenotolla ja autamme asian ratkaisussa.<\/p>\n","protected":false},"excerpt":{"rendered":"<p>Keit\u00e4 olemme Poasnet.fi on Pirkan opiskelija-asunnot oy:n tietoverkon, Poasnetin, virallinen tiedotuskanava. Sivustosta vastaa Poasnetin yll\u00e4pito. Mit\u00e4 henkil\u00f6tietoa ker\u00e4\u00e4mme ja miksi Poasnet.fi-verkkosivusto ei ker\u00e4\u00e4 eik\u00e4 k\u00e4sittele henkil\u00f6tietoja pois lukien verkkosivustolla vierailusta syntyv\u00e4t v\u00e4ltt\u00e4m\u00e4tt\u00f6m\u00e4t merkinn\u00e4t k\u00e4ynnist\u00e4si. T\u00e4llaisia ovat esimerkiksi ip-osoite josta sivulatauspyynt\u00f6 on tullut sek\u00e4 tapahtuman aikaleima. N\u00e4it\u00e4 tietoja ei pyrit\u00e4 yhdist\u00e4m\u00e4\u00e4n henkil\u00f6\u00f6n. Niit\u00e4 ker\u00e4t\u00e4\u00e4n teknisen yleiskuvan &hellip; <a href=\"https:\/\/poasnet.fi\/fi\/tietosuojaseloste\/\" class=\"more-link\">Jatka lukemista<span class=\"screen-reader-text\"> &#8221;Tietosuojaseloste&#8221;<\/span><\/a><\/p>\n","protected":false},"author":1,"featured_media":0,"parent":0,"menu_order":0,"comment_status":"closed","ping_status":"open","template":"","meta":[],"_links":{"self":[{"href":"https:\/\/poasnet.fi\/fi\/wp-json\/wp\/v2\/pages\/3"}],"collection":[{"href":"https:\/\/poasnet.fi\/fi\/wp-json\/wp\/v2\/pages"}],"about":[{"href":"https:\/\/poasnet.fi\/fi\/wp-json\/wp\/v2\/types\/page"}],"author":[{"embeddable":true,"href":"https:\/\/poasnet.fi\/fi\/wp-json\/wp\/v2\/users\/1"}],"replies":[{"embeddable":true,"href":"https:\/\/poasnet.fi\/fi\/wp-json\/wp\/v2\/comments?post=3"}],"version-history":[{"count":3,"href":"https:\/\/poasnet.fi\/fi\/wp-json\/wp\/v2\/pages\/3\/revisions"}],"predecessor-version":[{"id":104,"href":"https:\/\/poasnet.fi\/fi\/wp-json\/wp\/v2\/pages\/3\/revisions\/104"}],"wp:attachment":[{"href":"https:\/\/poasnet.fi\/fi\/wp-json\/wp\/v2\/media?parent=3"}],"curies":[{"name":"wp","href":"https:\/\/api.w.org\/{rel}","templated":true}]}}