{"id":31,"date":"2019-09-10T22:20:49","date_gmt":"2019-09-10T19:20:49","guid":{"rendered":"https:\/\/poasnet.fi\/?page_id=31"},"modified":"2019-09-10T22:20:49","modified_gmt":"2019-09-10T19:20:49","slug":"kayttoehdot","status":"publish","type":"page","link":"https:\/\/poasnet.fi\/fi\/kayttoehdot\/","title":{"rendered":"K\u00e4ytt\u00f6ehdot"},"content":{"rendered":"\n<p>Poasnetin tavoitteena on tarjota hyv\u00e4t tietoliikenneyhteydet asukkailleen. Yhteys on p\u00e4\u00e4s\u00e4\u00e4nt\u00f6isesti tarkoitettu opiskelun ja tutkimuksen tueksi. Jotta n\u00e4m\u00e4 tavoitteet saavutettaisiin on tarpeellista noudattaa seuraavia s\u00e4\u00e4nt\u00f6j\u00e4.<\/p>\n\n\n\n<h2>Yll\u00e4pit\u00e4jien velvollisuudet<\/h2>\n\n\n\n<ul><li>Yll\u00e4pit\u00e4j\u00e4t huolehtivat verkon teknisest\u00e4 toimivuudesta. Nimetyt vastuuhenkil\u00f6t huolehtivat k\u00e4yt\u00e4nn\u00f6ss\u00e4 yll\u00e4pidon toteuttamisesta.<\/li><li> Yll\u00e4pit\u00e4j\u00e4t tiedottavat verkkoon teht\u00e4vist\u00e4 muutoksista ja niiden vaikutuksista.<\/li><li> Yll\u00e4pit\u00e4j\u00e4t antavat tarvittaessa opastusta verkon s\u00e4\u00e4nt\u00f6ihin ja verkon k\u00e4ytt\u00f6\u00f6n liittyviss\u00e4 asioissa.<\/li><\/ul>\n\n\n\n<h2> Yll\u00e4pit\u00e4jien oikeudet<\/h2>\n\n\n\n<ul><li> Yll\u00e4pit\u00e4jill\u00e4 on velvollisuuksiensa hoitamiseksi lupa rajoittaa ja s\u00e4\u00e4dell\u00e4 verkon k\u00e4ytt\u00f6\u00e4.<\/li><li> Yll\u00e4pit\u00e4jill\u00e4 on oikeus tutkia ja seurata verkon liikennett\u00e4 yksityisyytt\u00e4 loukkaamatta.<\/li><li> Yll\u00e4pit\u00e4jill\u00e4 on oikeus ker\u00e4t\u00e4 lokitietoja sek\u00e4 asunnosta l\u00e4htev\u00e4st\u00e4, ett\u00e4 asuntoon saapuvasta liikenteest\u00e4.<\/li><li> Yll\u00e4pit\u00e4jill\u00e4 on oikeus katkaista yhteydet mik\u00e4li j\u00e4rjestelm\u00e4n tilan kiireellinen selvitt\u00e4minen h\u00e4iri\u00f6tilanteissa sit\u00e4 edellytt\u00e4\u00e4 tai j\u00e4rjestelmien v\u00e4\u00e4rink\u00e4ytt\u00f6\u00e4 ep\u00e4ill\u00e4\u00e4n.<\/li><\/ul>\n\n\n\n<h2> Verkonvanhinten velvollisuudet<\/h2>\n\n\n\n<ul><li> Verkonvanhimmat huolehtivat liittym\u00e4n avauksesta ja sulkemisesta.<\/li><li> Verkonvanhimmat auttavat oman kohteensa asukkaita tietoverkkoon liittyviss\u00e4 ongelmissa mahdollisuuksien mukaan.<\/li><li> Verkonvanhimmat antavat verkon k\u00e4ytt\u00f6\u00f6n liittyv\u00e4t perusohjeet.<\/li><\/ul>\n\n\n\n<h2> Verkonvanhinten oikeudet<\/h2>\n\n\n\n<ul><li> Verkonvanhimmilla on velvollisuuksiensa hoitamiseksi lupa rajoittaa ja s\u00e4\u00e4dell\u00e4 verkon k\u00e4ytt\u00f6\u00e4 kohteessaan.<\/li><li> Verkonvanhimmilla on oikeus tutkia ja seurata verkkoliikennett\u00e4 kohteessaan yksityisyytt\u00e4 loukkaamatta.<\/li><li> Verkonvanhimmilla on oikeus katkaista yhteydet kohteessaan, mik\u00e4li j\u00e4rjestelm\u00e4n tilan kiireellinen selvitt\u00e4minen h\u00e4iri\u00f6tilanteissa sit\u00e4 edellytt\u00e4\u00e4 tai j\u00e4rjestelmien v\u00e4\u00e4rink\u00e4ytt\u00f6\u00e4 ep\u00e4ill\u00e4\u00e4n.<\/li><\/ul>\n\n\n\n<h2> K\u00e4ytt\u00e4jien velvollisuudet<\/h2>\n\n\n\n<ul><li> K\u00e4ytt\u00e4jien tulee ottaa huomioon muut verkon k\u00e4ytt\u00e4j\u00e4t.<\/li><li> Hyvien ty\u00f6skentelyolojen mahdollistamiseksi tulee k\u00e4ytt\u00e4jien tuntea vastuunsa verkon k\u00e4yt\u00f6ss\u00e4.<\/li><li> K\u00e4ytt\u00e4jien tulee huolehtia yhteiseen tietoturvallisuuteen liittyvist\u00e4 asioista.<\/li><li> Yll\u00e4pidon ja verkonvanhinten antamia ohjeita on noudatettava.<\/li><\/ul>\n\n\n\n<h2> K\u00e4ytt\u00e4jien oikeudet<\/h2>\n\n\n\n<ul><li> K\u00e4ytt\u00e4j\u00e4ll\u00e4 on oikeus k\u00e4ytt\u00e4\u00e4 tietoliikenneverkkoa parhaalla katsomallaan tavalla kunhan k\u00e4yt\u00f6ss\u00e4 huomioidaan k\u00e4yt\u00f6n rajoitukset, lains\u00e4\u00e4d\u00e4nt\u00f6 ja muut verkon k\u00e4ytt\u00e4j\u00e4t.<\/li><li> K\u00e4ytt\u00e4j\u00e4t voivat tehd\u00e4 yll\u00e4pit\u00e4jille palvelujen kehitt\u00e4miseen liittyvi\u00e4 aloitteita.<\/li><li> K\u00e4ytt\u00e4j\u00e4 voi tehd\u00e4 kirjallisen valituksen Pirkan opiskelija-asunnot Oy:lle, jos h\u00e4n on tyytym\u00e4t\u00f6n yll\u00e4pitohenkil\u00f6st\u00f6n tai verkonvanhinten h\u00e4neen kohdistamiin toimenpiteisiin.<\/li><\/ul>\n\n\n\n<h2>K\u00e4yt\u00f6n rajoitukset<\/h2>\n\n\n\n<ul><li> Lakien vastaiseksi katsottavan aineiston ja tiedon levitys on verkon kautta kielletty.<\/li><li> Verkon palveluiden edelleen tarjoaminen kolmansille osapuolille on kielletty\u00e4. T\u00e4llaista on esimerkiksi kaupalliset sivustot tai shell-palvelut.<\/li><li> Tietoliikenneverkon toiminnan h\u00e4iritseminen on kielletty\u00e4. Kielletty\u00e4 on my\u00f6s ep\u00e4suora, kuten kapasiteetin ylenpalttisesta k\u00e4yt\u00f6st\u00e4 aiheutuva h\u00e4irint\u00e4.<\/li><li> Kaikenlainen verkkoliikenteen tarkkailu on kielletty.<\/li><li> Tietoturvallisuusaukkojen etsiminen ja k\u00e4ytt\u00e4minen on kielletty\u00e4.<\/li><\/ul>\n\n\n\n<h2><br> V\u00e4\u00e4rink\u00e4yt\u00f6kset ja niiden seuraamukset<\/h2>\n\n\n\n<p> Tietoliikennej\u00e4rjestelmien v\u00e4\u00e4rink\u00e4ytt\u00f6 tarkoittaa kaikkea sit\u00e4 toimintaa, joka<\/p>\n\n\n\n<ul><li>on lakien ja s\u00e4\u00e4d\u00f6sten vastaista,<\/li><li>aiheuttaa h\u00e4iri\u00f6it\u00e4 tietoliikenneverkossa, tai t\u00e4h\u00e4n verkkoon kuuluvassa muussa j\u00e4rjestelm\u00e4ss\u00e4,<\/li><li>rikkoo Poasnetin antamia s\u00e4\u00e4nt\u00f6j\u00e4.<\/li><\/ul>\n\n\n\n<p> Tietoverkon v\u00e4\u00e4rink\u00e4ytt\u00f6tapauksiin sovelletaan ensisijaisesti yll\u00e4pit\u00e4j\u00e4n omia selvitys- ja rajoitustoimia. V\u00e4\u00e4rink\u00e4ytt\u00f6\u00e4 ep\u00e4ilt\u00e4ess\u00e4 noudatetaan seuraavaa menettely\u00e4: <\/p>\n\n\n\n<p>Mik\u00e4li v\u00e4\u00e4rink\u00e4yt\u00f6s on vakava tai teko muodostaa rikoksen, asia voidaan antaa poliisin tutkittavaksi.<\/p>\n\n\n\n<ul><li>j\u00e4rjestelm\u00e4n yll\u00e4pit\u00e4j\u00e4 ottaa yhteytt\u00e4 k\u00e4ytt\u00e4j\u00e4\u00e4n ja selvitt\u00e4\u00e4 mist\u00e4 toiminnassa on kyse sek\u00e4 ilmoittaa oman kantansa toiminnan jatkamiseen v\u00e4\u00e4rink\u00e4yt\u00f6ksen laadusta riippuen k\u00e4ytt\u00e4j\u00e4lle voidaan antaa varoitus, k\u00e4ytt\u00f6\u00f6n liittyvi\u00e4 rajoituksia tai k\u00e4ytt\u00f6kielto<\/li><li> varoituksen, k\u00e4ytt\u00f6rajoituksen, tai k\u00e4ytt\u00f6kiellon voi antaa kuka tahansa yll\u00e4pidon henkil\u00f6. K\u00e4ytt\u00f6kielto tulee kyseeseen verkon sis\u00e4isiss\u00e4 v\u00e4\u00e4rink\u00e4ytt\u00f6tapauksissa<\/li><li> yll\u00e4pidon henkil\u00f6ill\u00e4 on oikeus, jos he katsovat sen tarpeelliseksi, est\u00e4\u00e4 tai rajoittaa verkon k\u00e4ytt\u00f6\u00e4 tutkinnan ajaksi<\/li><\/ul>\n\n\n\n<p>V\u00e4\u00e4rink\u00e4yt\u00f6ksen tehneelt\u00e4 voidaan peri\u00e4 v\u00e4\u00e4rink\u00e4yt\u00f6n selvitysty\u00f6st\u00e4 ja rajoittamisesta aiheutuneet kustannukset.<\/p>\n\n\n\n<h2>Tietoturva ja vastuut<\/h2>\n\n\n\n<p> K\u00e4ytt\u00e4j\u00e4 vastaa itse tietojensa suojauksesta ja laitteidensa tietoturvasta. Toista k\u00e4ytt\u00e4j\u00e4\u00e4 koskevien tai h\u00e4nelle kuuluvien tietojen etsiminen ja lukeminen on sallittu vain h\u00e4nen luvallaan. Mik\u00e4li k\u00e4ytt\u00e4j\u00e4 saa vahingossa haltuunsa muille osoitettuja tai kuuluvia tietoja, on niiden hyv\u00e4ksik\u00e4ytt\u00f6, talteenotto ja levitt\u00e4minen kielletty\u00e4. Tapahtumasta on ilmoitettava verkon yll\u00e4pitohenkil\u00f6kunnalle ja asianomaiselle k\u00e4ytt\u00e4j\u00e4lle.<\/p>\n\n\n\n<p>Vaikka verkon k\u00e4ytett\u00e4vyys ja turvallisuus pyrit\u00e4\u00e4n pit\u00e4m\u00e4\u00e4n mahdollisimman korkeana, ei k\u00e4ytt\u00f6katkoksilta ja tietoj\u00e4rjestelmiin kohdistuvilta v\u00e4\u00e4rink\u00e4yt\u00f6ksilt\u00e4 kuitenkaan voida kokonaan v\u00e4ltty\u00e4. Verkon yll\u00e4pit\u00e4j\u00e4 ei takaa verkon turvallisuutta ja luottamuksellisuutta eik\u00e4 tiedon eheytt\u00e4. Verkon yll\u00e4pit\u00e4j\u00e4 ei vastaa k\u00e4ytt\u00e4j\u00e4lle aiheutuneesta vahingosta tai menetyksest\u00e4, joka johtuu verkon k\u00e4yt\u00f6st\u00e4.<\/p>\n","protected":false},"excerpt":{"rendered":"<p>Poasnetin tavoitteena on tarjota hyv\u00e4t tietoliikenneyhteydet asukkailleen. Yhteys on p\u00e4\u00e4s\u00e4\u00e4nt\u00f6isesti tarkoitettu opiskelun ja tutkimuksen tueksi. Jotta n\u00e4m\u00e4 tavoitteet saavutettaisiin on tarpeellista noudattaa seuraavia s\u00e4\u00e4nt\u00f6j\u00e4. Yll\u00e4pit\u00e4jien velvollisuudet Yll\u00e4pit\u00e4j\u00e4t huolehtivat verkon teknisest\u00e4 toimivuudesta. Nimetyt vastuuhenkil\u00f6t huolehtivat k\u00e4yt\u00e4nn\u00f6ss\u00e4 yll\u00e4pidon toteuttamisesta. Yll\u00e4pit\u00e4j\u00e4t tiedottavat verkkoon teht\u00e4vist\u00e4 muutoksista ja niiden vaikutuksista. Yll\u00e4pit\u00e4j\u00e4t antavat tarvittaessa opastusta verkon s\u00e4\u00e4nt\u00f6ihin ja verkon k\u00e4ytt\u00f6\u00f6n liittyviss\u00e4 &hellip; <a href=\"https:\/\/poasnet.fi\/fi\/kayttoehdot\/\" class=\"more-link\">Jatka lukemista<span class=\"screen-reader-text\"> &#8221;K\u00e4ytt\u00f6ehdot&#8221;<\/span><\/a><\/p>\n","protected":false},"author":1,"featured_media":0,"parent":0,"menu_order":0,"comment_status":"closed","ping_status":"closed","template":"","meta":[],"_links":{"self":[{"href":"https:\/\/poasnet.fi\/fi\/wp-json\/wp\/v2\/pages\/31"}],"collection":[{"href":"https:\/\/poasnet.fi\/fi\/wp-json\/wp\/v2\/pages"}],"about":[{"href":"https:\/\/poasnet.fi\/fi\/wp-json\/wp\/v2\/types\/page"}],"author":[{"embeddable":true,"href":"https:\/\/poasnet.fi\/fi\/wp-json\/wp\/v2\/users\/1"}],"replies":[{"embeddable":true,"href":"https:\/\/poasnet.fi\/fi\/wp-json\/wp\/v2\/comments?post=31"}],"version-history":[{"count":1,"href":"https:\/\/poasnet.fi\/fi\/wp-json\/wp\/v2\/pages\/31\/revisions"}],"predecessor-version":[{"id":32,"href":"https:\/\/poasnet.fi\/fi\/wp-json\/wp\/v2\/pages\/31\/revisions\/32"}],"wp:attachment":[{"href":"https:\/\/poasnet.fi\/fi\/wp-json\/wp\/v2\/media?parent=31"}],"curies":[{"name":"wp","href":"https:\/\/api.w.org\/{rel}","templated":true}]}}